{"id":8268,"date":"2024-04-02T10:37:43","date_gmt":"2024-04-02T07:37:43","guid":{"rendered":"https:\/\/sofauto.bg\/%d0%ba%d1%83%d0%bf%d0%b8-%d0%b0%d0%b2%d1%82%d0%be%d0%bc%d0%be%d0%b1%d0%b8%d0%bb\/"},"modified":"2024-12-27T14:49:21","modified_gmt":"2024-12-27T11:49:21","slug":"buy-car","status":"publish","type":"page","link":"https:\/\/sofauto.bg\/tr\/buy-car\/","title":{"rendered":"Bir araba sat\u0131n al"},"content":{"rendered":"\t\t<div data-elementor-type=\"wp-page\" data-elementor-id=\"8268\" class=\"elementor elementor-8268 elementor-147\" data-elementor-post-type=\"page\">\n\t\t\t\t\t\t<section class=\"elementor-section elementor-top-section elementor-element elementor-element-d70520f elementor-section-height-min-height elementor-section-content-middle elementor-section-boxed elementor-section-height-default elementor-section-items-middle\" data-id=\"d70520f\" data-element_type=\"section\" data-settings=\"{&quot;background_background&quot;:&quot;classic&quot;}\">\n\t\t\t\t\t\t\t<div class=\"elementor-background-overlay\"><\/div>\n\t\t\t\t\t\t\t<div class=\"elementor-container elementor-column-gap-default\">\n\t\t\t\t\t<div class=\"elementor-column elementor-col-100 elementor-top-column elementor-element elementor-element-fcea0fd\" data-id=\"fcea0fd\" data-element_type=\"column\" data-settings=\"{&quot;background_background&quot;:&quot;classic&quot;}\">\n\t\t\t<div class=\"elementor-widget-wrap elementor-element-populated\">\n\t\t\t\t\t\t<div class=\"elementor-element elementor-element-9ac4816 elementor-widget elementor-widget-heading\" data-id=\"9ac4816\" data-element_type=\"widget\" data-widget_type=\"heading.default\">\n\t\t\t\t<div class=\"elementor-widget-container\">\n\t\t\t\t\t<h2 class=\"elementor-heading-title elementor-size-default\">Arad\u0131\u011f\u0131n\u0131z\u0131 bulam\u0131yor musunuz?<\/h2>\t\t\t\t<\/div>\n\t\t\t\t<\/div>\n\t\t\t\t<div class=\"elementor-element elementor-element-f771b5b elementor-widget elementor-widget-heading\" data-id=\"f771b5b\" data-element_type=\"widget\" data-widget_type=\"heading.default\">\n\t\t\t\t<div class=\"elementor-widget-container\">\n\t\t\t\t\t<h2 class=\"elementor-heading-title elementor-size-default\">Sipari\u015f \u00fczerine ara\u00e7 arama talebi olu\u015fturun!<\/h2>\t\t\t\t<\/div>\n\t\t\t\t<\/div>\n\t\t\t\t\t<\/div>\n\t\t<\/div>\n\t\t\t\t\t<\/div>\n\t\t<\/section>\n\t\t\t\t<section class=\"elementor-section elementor-top-section elementor-element elementor-element-88f6d5a elementor-section-boxed elementor-section-height-default elementor-section-height-default\" data-id=\"88f6d5a\" data-element_type=\"section\" data-settings=\"{&quot;background_background&quot;:&quot;gradient&quot;}\">\n\t\t\t\t\t\t<div class=\"elementor-container elementor-column-gap-default\">\n\t\t\t\t\t<div class=\"elementor-column elementor-col-33 elementor-top-column elementor-element elementor-element-30f1465 elementor-hidden-tablet elementor-hidden-mobile\" data-id=\"30f1465\" data-element_type=\"column\">\n\t\t\t<div class=\"elementor-widget-wrap\">\n\t\t\t\t\t\t\t<\/div>\n\t\t<\/div>\n\t\t\t\t<div class=\"elementor-column elementor-col-33 elementor-top-column elementor-element elementor-element-136c735\" data-id=\"136c735\" data-element_type=\"column\">\n\t\t\t<div class=\"elementor-widget-wrap elementor-element-populated\">\n\t\t\t\t\t\t<div class=\"elementor-element elementor-element-a35da8a elementor-widget elementor-widget-text-editor\" data-id=\"a35da8a\" data-element_type=\"widget\" data-widget_type=\"text-editor.default\">\n\t\t\t\t<div class=\"elementor-widget-container\">\n\t\t\t\t\t\t\t\t\t<p>Sipari\u015f \u00fczerine ara\u00e7 arama talebi olu\u015fturun!<\/p><p>E\u011fer hayalinizdeki arac\u0131 mevcut ara\u00e7lar\u0131m\u0131z veya \u00f6zel sipari\u015f ara\u00e7lar\u0131m\u0131z\u0131n katalo\u011funda bulamazsan\u0131z, belirtti\u011finiz kriterlere g\u00f6re sizin i\u00e7in bulabiliriz.<\/p><p>Uzun y\u0131llara dayanan deneyimimiz, ba\u011flant\u0131lar\u0131m\u0131z ve Avrupa ile Asya&#8217;daki \u00e7o\u011fu premium marka bayilikleri ve ortaklarla yapt\u0131\u011f\u0131m\u0131z s\u00f6zle\u015fmeli ili\u015fkiler sayesinde, neredeyse her arac\u0131 bulabilir ve \u00f6zel sipari\u015fle size teslim edebiliriz. Ve t\u00fcm bunlar sadece 48 saat i\u00e7inde!<\/p><p>Bize motor t\u00fcr\u00fc, renk ve donan\u0131m gibi arad\u0131\u011f\u0131n\u0131z ara\u00e7 hakk\u0131nda m\u00fcmk\u00fcn oldu\u011funca fazla bilgi sa\u011flaman\u0131z yeterlidir; gerisini biz hallederiz.<\/p>\t\t\t\t\t\t\t\t<\/div>\n\t\t\t\t<\/div>\n\t\t\t\t\t<\/div>\n\t\t<\/div>\n\t\t\t\t<div class=\"elementor-column elementor-col-33 elementor-top-column elementor-element elementor-element-d1e5912 elementor-hidden-tablet elementor-hidden-mobile\" data-id=\"d1e5912\" data-element_type=\"column\">\n\t\t\t<div class=\"elementor-widget-wrap\">\n\t\t\t\t\t\t\t<\/div>\n\t\t<\/div>\n\t\t\t\t\t<\/div>\n\t\t<\/section>\n\t\t\t\t<section class=\"elementor-section elementor-top-section elementor-element elementor-element-665b720 elementor-section-boxed elementor-section-height-default elementor-section-height-default\" data-id=\"665b720\" data-element_type=\"section\" data-settings=\"{&quot;background_background&quot;:&quot;classic&quot;}\">\n\t\t\t\t\t\t<div class=\"elementor-container elementor-column-gap-default\">\n\t\t\t\t\t<div class=\"elementor-column elementor-col-100 elementor-top-column elementor-element elementor-element-0763011\" data-id=\"0763011\" data-element_type=\"column\">\n\t\t\t<div class=\"elementor-widget-wrap elementor-element-populated\">\n\t\t\t\t\t\t<div class=\"elementor-element elementor-element-eaee6b1 elementor-widget elementor-widget-html\" data-id=\"eaee6b1\" data-element_type=\"widget\" data-widget_type=\"html.default\">\n\t\t\t\t<div class=\"elementor-widget-container\">\n\t\t\t\t\t\n<style>.hoverbox:hover h2 {\n    color: white!important; \n    cursor: default;\n  }\n  \n .hoverbox:hover p {\n  color: white!important;\n  cursor: default;\n}\n\n<\/style>\t\t\t\t<\/div>\n\t\t\t\t<\/div>\n\t\t\t\t<section class=\"elementor-section elementor-inner-section elementor-element elementor-element-6a15190 elementor-section-boxed elementor-section-height-default elementor-section-height-default\" data-id=\"6a15190\" data-element_type=\"section\">\n\t\t\t\t\t\t<div class=\"elementor-container elementor-column-gap-default\">\n\t\t\t\t\t<div class=\"elementor-column elementor-col-50 elementor-inner-column elementor-element elementor-element-6ad763d hoverbox\" data-id=\"6ad763d\" data-element_type=\"column\" data-settings=\"{&quot;background_background&quot;:&quot;classic&quot;}\">\n\t\t\t<div class=\"elementor-widget-wrap elementor-element-populated\">\n\t\t\t\t\t\t<div class=\"elementor-element elementor-element-5d47eab elementor-widget elementor-widget-heading\" data-id=\"5d47eab\" data-element_type=\"widget\" data-widget_type=\"heading.default\">\n\t\t\t\t<div class=\"elementor-widget-container\">\n\t\t\t\t\t<h2 class=\"elementor-heading-title elementor-size-default\">01<\/h2>\t\t\t\t<\/div>\n\t\t\t\t<\/div>\n\t\t\t\t<div class=\"elementor-element elementor-element-e1277d5 textwhite1 elementor-widget elementor-widget-text-editor\" data-id=\"e1277d5\" data-element_type=\"widget\" data-widget_type=\"text-editor.default\">\n\t\t\t\t<div class=\"elementor-widget-container\">\n\t\t\t\t\t\t\t\t\t<p><span style=\"color: white; font-weight: bold;\">Sorgulama <\/span> &#8211; T\u00fcm ortaklar\u0131m\u0131za bir sorgu g\u00f6nderiyoruz ve tekliflerini bekliyoruz. T\u00fcm tekliflerden, ger\u00e7ek kilometreye sahip, servis ge\u00e7mi\u015fi bulunan ve kazas\u0131z veya hasars\u0131z ara\u00e7larla ilgili olanlar\u0131 se\u00e7iyoruz. \u0130lk teklifleri iki saat i\u00e7inde size g\u00f6nderiyoruz, ard\u0131ndan birlikte bir ara\u00e7 se\u00e7iyoruz<\/p>\t\t\t\t\t\t\t\t<\/div>\n\t\t\t\t<\/div>\n\t\t\t\t\t<\/div>\n\t\t<\/div>\n\t\t\t\t<div class=\"elementor-column elementor-col-50 elementor-inner-column elementor-element elementor-element-01ee8be hoverbox\" data-id=\"01ee8be\" data-element_type=\"column\" data-settings=\"{&quot;background_background&quot;:&quot;classic&quot;}\">\n\t\t\t<div class=\"elementor-widget-wrap elementor-element-populated\">\n\t\t\t\t\t\t<div class=\"elementor-element elementor-element-23515f8 elementor-widget elementor-widget-heading\" data-id=\"23515f8\" data-element_type=\"widget\" data-widget_type=\"heading.default\">\n\t\t\t\t<div class=\"elementor-widget-container\">\n\t\t\t\t\t<h2 class=\"elementor-heading-title elementor-size-default\">02<\/h2>\t\t\t\t<\/div>\n\t\t\t\t<\/div>\n\t\t\t\t<div class=\"elementor-element elementor-element-ef2d9e7 textwhite1 elementor-widget elementor-widget-text-editor\" data-id=\"ef2d9e7\" data-element_type=\"widget\" data-widget_type=\"text-editor.default\">\n\t\t\t\t<div class=\"elementor-widget-container\">\n\t\t\t\t\t\t\t\t\t<p>E\u011fer tekliflerden birini be\u011fenirseniz, sipari\u015f s\u00f6zle\u015fmesini imzalamaya ge\u00e7iyoruz.<\/p>\t\t\t\t\t\t\t\t<\/div>\n\t\t\t\t<\/div>\n\t\t\t\t\t<\/div>\n\t\t<\/div>\n\t\t\t\t\t<\/div>\n\t\t<\/section>\n\t\t\t\t\t<\/div>\n\t\t<\/div>\n\t\t\t\t\t<\/div>\n\t\t<\/section>\n\t\t\t\t<section class=\"elementor-section elementor-top-section elementor-element elementor-element-13c9545 elementor-section-full_width elementor-section-height-default elementor-section-height-default\" data-id=\"13c9545\" data-element_type=\"section\" data-settings=\"{&quot;background_background&quot;:&quot;classic&quot;}\">\n\t\t\t\t\t\t<div class=\"elementor-container elementor-column-gap-default\">\n\t\t\t\t\t<div class=\"elementor-column elementor-col-50 elementor-top-column elementor-element elementor-element-5fc50d5\" data-id=\"5fc50d5\" data-element_type=\"column\" data-settings=\"{&quot;background_background&quot;:&quot;classic&quot;}\">\n\t\t\t<div class=\"elementor-widget-wrap elementor-element-populated\">\n\t\t\t\t\t\t<div class=\"elementor-element elementor-element-47e9f13 elementor-widget elementor-widget-spacer\" data-id=\"47e9f13\" data-element_type=\"widget\" data-widget_type=\"spacer.default\">\n\t\t\t\t<div class=\"elementor-widget-container\">\n\t\t\t\t\t\t\t<div class=\"elementor-spacer\">\n\t\t\t<div class=\"elementor-spacer-inner\"><\/div>\n\t\t<\/div>\n\t\t\t\t\t\t<\/div>\n\t\t\t\t<\/div>\n\t\t\t\t\t<\/div>\n\t\t<\/div>\n\t\t\t\t<div class=\"elementor-column elementor-col-50 elementor-top-column elementor-element elementor-element-4ed2e00\" data-id=\"4ed2e00\" data-element_type=\"column\">\n\t\t\t<div class=\"elementor-widget-wrap elementor-element-populated\">\n\t\t\t\t\t\t<section class=\"elementor-section elementor-inner-section elementor-element elementor-element-8949d2e elementor-section-boxed elementor-section-height-default elementor-section-height-default\" data-id=\"8949d2e\" data-element_type=\"section\">\n\t\t\t\t\t\t<div class=\"elementor-container elementor-column-gap-default\">\n\t\t\t\t\t<div class=\"elementor-column elementor-col-100 elementor-inner-column elementor-element elementor-element-d7ba378\" data-id=\"d7ba378\" data-element_type=\"column\">\n\t\t\t<div class=\"elementor-widget-wrap elementor-element-populated\">\n\t\t\t\t\t\t<div class=\"elementor-element elementor-element-116cc13 elementor-widget elementor-widget-heading\" data-id=\"116cc13\" data-element_type=\"widget\" data-widget_type=\"heading.default\">\n\t\t\t\t<div class=\"elementor-widget-container\">\n\t\t\t\t\t<h2 class=\"elementor-heading-title elementor-size-default\">03<\/h2>\t\t\t\t<\/div>\n\t\t\t\t<\/div>\n\t\t\t\t<div class=\"elementor-element elementor-element-d922b1e elementor-widget elementor-widget-heading\" data-id=\"d922b1e\" data-element_type=\"widget\" data-widget_type=\"heading.default\">\n\t\t\t\t<div class=\"elementor-widget-container\">\n\t\t\t\t\t<h2 class=\"elementor-heading-title elementor-size-default\">Arac\u0131n Durumu<\/h2>\t\t\t\t<\/div>\n\t\t\t\t<\/div>\n\t\t\t\t<div class=\"elementor-element elementor-element-16fb0b1 elementor-widget elementor-widget-text-editor\" data-id=\"16fb0b1\" data-element_type=\"widget\" data-widget_type=\"text-editor.default\">\n\t\t\t\t<div class=\"elementor-widget-container\">\n\t\t\t\t\t\t\t\t\t<p>Sizin gereksinimlerinize uygun bir ara\u00e7 buldu\u011fumuz anda, deneyimli m\u00fchendisimiz arac\u0131n durumunu detayl\u0131 bir \u015fekilde inceler. Her a\u015fama \u015fu \u015fekilde ilerler:<\/p>\t\t\t\t\t\t\t\t<\/div>\n\t\t\t\t<\/div>\n\t\t\t\t<div class=\"elementor-element elementor-element-29ccd2d elementor-widget elementor-widget-text-editor\" data-id=\"29ccd2d\" data-element_type=\"widget\" data-widget_type=\"text-editor.default\">\n\t\t\t\t<div class=\"elementor-widget-container\">\n\t\t\t\t\t\t\t\t\t<span style=\"color: white; font-weight: bold;\">D\u0131\u015f Mekan \u2013 <\/span>Uzmanlar\u0131m\u0131z \u00f6ncelikle arac\u0131n d\u0131\u015f mekan\u0131n\u0131 dikkatlice inceler: Boya kalitesini kontrol eder, en k\u00fc\u00e7\u00fck kusur veya kusurlar\u0131 not al\u0131r ve d\u0131\u015f detaylarda bulunan herhangi bir di\u011fer hasar\u0131 tespit ederler.\t\t\t\t\t\t\t\t<\/div>\n\t\t\t\t<\/div>\n\t\t\t\t<div class=\"elementor-element elementor-element-75120ee elementor-widget elementor-widget-text-editor\" data-id=\"75120ee\" data-element_type=\"widget\" data-widget_type=\"text-editor.default\">\n\t\t\t\t<div class=\"elementor-widget-container\">\n\t\t\t\t\t\t\t\t\t<span style=\"color: white; font-weight: bold;\">\u0130\u00e7 Mekan &#8211;<\/span> Ard\u0131ndan i\u00e7 mekana ge\u00e7eriz, deri y\u00fczeyler veya d\u00f6\u015femelerdeki kullan\u0131m izlerini detayl\u0131ca tan\u0131mlar\u0131z. Buna ek olarak, t\u00fcm \u00f6zellikleri test eder ve her sistemin d\u00fczg\u00fcn \u00e7al\u0131\u015ft\u0131\u011f\u0131ndan emin oluruz.\t\t\t\t\t\t\t\t<\/div>\n\t\t\t\t<\/div>\n\t\t\t\t<div class=\"elementor-element elementor-element-3681b4a elementor-widget elementor-widget-text-editor\" data-id=\"3681b4a\" data-element_type=\"widget\" data-widget_type=\"text-editor.default\">\n\t\t\t\t<div class=\"elementor-widget-container\">\n\t\t\t\t\t\t\t\t\t<span style=\"color: white; font-weight: bold;\">Teknik \u0130nceleme \u2013<\/span> Motor, \u015fanz\u0131man, s\u00fcspansiyon, fren sistemi ve di\u011fer par\u00e7alar\u0131n \u00e7al\u0131\u015fmas\u0131n\u0131 kontrol ederek kapsaml\u0131 bir teknik incelemeyi tamaml\u0131yoruz. G\u00f6vde \u00fczerindeki darbe izleri gibi t\u00fcm detaylar incelenir.\t\t\t\t\t\t\t\t<\/div>\n\t\t\t\t<\/div>\n\t\t\t\t<div class=\"elementor-element elementor-element-42342a2 elementor-widget elementor-widget-text-editor\" data-id=\"42342a2\" data-element_type=\"widget\" data-widget_type=\"text-editor.default\">\n\t\t\t\t<div class=\"elementor-widget-container\">\n\t\t\t\t\t\t\t\t\t<span style=\"color: white; font-weight: bold;\">\u0130nceleme tamamland\u0131ktan sonra m\u00fchendisimiz detayl\u0131 bir rapor haz\u0131rlar ve bu rapor teknik dan\u0131\u015fman\u0131m\u0131zla tart\u0131\u015f\u0131l\u0131r. T\u00fcm kalite standartlar\u0131 kar\u015f\u0131lanm\u0131\u015fsa, rapor size g\u00f6nderilir \u2013 do\u011fru bir se\u00e7im yapman\u0131z i\u00e7in gereken b\u00fct\u00fcn bilgileri i\u00e7erir. <\/span>\t\t\t\t\t\t\t\t<\/div>\n\t\t\t\t<\/div>\n\t\t\t\t\t<\/div>\n\t\t<\/div>\n\t\t\t\t\t<\/div>\n\t\t<\/section>\n\t\t\t\t\t<\/div>\n\t\t<\/div>\n\t\t\t\t\t<\/div>\n\t\t<\/section>\n\t\t\t\t<section class=\"elementor-section elementor-top-section elementor-element elementor-element-dc17891 elementor-section-boxed elementor-section-height-default elementor-section-height-default\" data-id=\"dc17891\" data-element_type=\"section\" data-settings=\"{&quot;background_background&quot;:&quot;classic&quot;}\">\n\t\t\t\t\t\t<div class=\"elementor-container elementor-column-gap-default\">\n\t\t\t\t\t<div class=\"elementor-column elementor-col-100 elementor-top-column elementor-element elementor-element-13dc127\" data-id=\"13dc127\" data-element_type=\"column\">\n\t\t\t<div class=\"elementor-widget-wrap elementor-element-populated\">\n\t\t\t\t\t\t<section class=\"elementor-section elementor-inner-section elementor-element elementor-element-cc5c7a0 elementor-section-boxed elementor-section-height-default elementor-section-height-default\" data-id=\"cc5c7a0\" data-element_type=\"section\">\n\t\t\t\t\t\t<div class=\"elementor-container elementor-column-gap-default\">\n\t\t\t\t\t<div class=\"elementor-column elementor-col-33 elementor-inner-column elementor-element elementor-element-1819858 elementor-hidden-tablet elementor-hidden-mobile\" data-id=\"1819858\" data-element_type=\"column\">\n\t\t\t<div class=\"elementor-widget-wrap elementor-element-populated\">\n\t\t\t\t\t\t<div class=\"elementor-element elementor-element-f98632d elementor-widget elementor-widget-heading\" data-id=\"f98632d\" data-element_type=\"widget\" data-widget_type=\"heading.default\">\n\t\t\t\t<div class=\"elementor-widget-container\">\n\t\t\t\t\t<h2 class=\"elementor-heading-title elementor-size-default\">04<\/h2>\t\t\t\t<\/div>\n\t\t\t\t<\/div>\n\t\t\t\t\t<\/div>\n\t\t<\/div>\n\t\t\t\t<div class=\"elementor-column elementor-col-33 elementor-inner-column elementor-element elementor-element-80b90aa\" data-id=\"80b90aa\" data-element_type=\"column\">\n\t\t\t<div class=\"elementor-widget-wrap elementor-element-populated\">\n\t\t\t\t\t\t<div class=\"elementor-element elementor-element-cec76aa elementor-widget elementor-widget-heading\" data-id=\"cec76aa\" data-element_type=\"widget\" data-widget_type=\"heading.default\">\n\t\t\t\t<div class=\"elementor-widget-container\">\n\t\t\t\t\t<h2 class=\"elementor-heading-title elementor-size-default\">Sa\u011flad\u0131\u011f\u0131m\u0131z a\u00e7\u0131klamaya dayal\u0131 olarak arac\u0131 onaylars\u0131n\u0131z<\/h2>\t\t\t\t<\/div>\n\t\t\t\t<\/div>\n\t\t\t\t<div class=\"elementor-element elementor-element-2b575ec elementor-widget elementor-widget-text-editor\" data-id=\"2b575ec\" data-element_type=\"widget\" data-widget_type=\"text-editor.default\">\n\t\t\t\t<div class=\"elementor-widget-container\">\n\t\t\t\t\t\t\t\t\t<p>E\u011fer ara\u00e7 beklentilerinizi kar\u015f\u0131lamazsa veya herhangi bir endi\u015feniz varsa, anla\u015fmay\u0131 ek \u015fart olmadan iptal edebilirsiniz. S\u00f6zle\u015fme feshedilir ve depozito tam olarak iade edilir.<\/p><p>E\u011fer a\u00e7\u0131klama taleplerinize uygunsa ve se\u00e7imden memnunsan\u0131z, gerekli t\u00fcm belgeleri dikkatlice haz\u0131rlay\u0131p \u00f6deme i\u015flemini organize ederek devam ediyoruz.<\/p>\t\t\t\t\t\t\t\t<\/div>\n\t\t\t\t<\/div>\n\t\t\t\t\t<\/div>\n\t\t<\/div>\n\t\t\t\t<div class=\"elementor-column elementor-col-33 elementor-inner-column elementor-element elementor-element-caa2745 elementor-hidden-tablet elementor-hidden-mobile\" data-id=\"caa2745\" data-element_type=\"column\">\n\t\t\t<div class=\"elementor-widget-wrap\">\n\t\t\t\t\t\t\t<\/div>\n\t\t<\/div>\n\t\t\t\t\t<\/div>\n\t\t<\/section>\n\t\t\t\t\t<\/div>\n\t\t<\/div>\n\t\t\t\t\t<\/div>\n\t\t<\/section>\n\t\t\t\t<section class=\"elementor-section elementor-top-section elementor-element elementor-element-ea75428 elementor-reverse-mobile elementor-section-full_width elementor-section-height-default elementor-section-height-default\" data-id=\"ea75428\" data-element_type=\"section\" data-settings=\"{&quot;background_background&quot;:&quot;classic&quot;}\">\n\t\t\t\t\t\t<div class=\"elementor-container elementor-column-gap-default\">\n\t\t\t\t\t<div class=\"elementor-column elementor-col-50 elementor-top-column elementor-element elementor-element-451b34b\" data-id=\"451b34b\" data-element_type=\"column\" data-settings=\"{&quot;background_background&quot;:&quot;classic&quot;}\">\n\t\t\t<div class=\"elementor-widget-wrap elementor-element-populated\">\n\t\t\t\t\t\t<div class=\"elementor-element elementor-element-940e440 elementor-widget elementor-widget-heading\" data-id=\"940e440\" data-element_type=\"widget\" data-widget_type=\"heading.default\">\n\t\t\t\t<div class=\"elementor-widget-container\">\n\t\t\t\t\t<h2 class=\"elementor-heading-title elementor-size-default\">05<\/h2>\t\t\t\t<\/div>\n\t\t\t\t<\/div>\n\t\t\t\t<div class=\"elementor-element elementor-element-74546db elementor-widget elementor-widget-heading\" data-id=\"74546db\" data-element_type=\"widget\" data-widget_type=\"heading.default\">\n\t\t\t\t<div class=\"elementor-widget-container\">\n\t\t\t\t\t<h2 class=\"elementor-heading-title elementor-size-default\">Arac\u0131 teslim ald\u0131\u011f\u0131n\u0131zda garantili do\u011fruluk<\/h2>\t\t\t\t<\/div>\n\t\t\t\t<\/div>\n\t\t\t\t<div class=\"elementor-element elementor-element-c94589f elementor-widget elementor-widget-text-editor\" data-id=\"c94589f\" data-element_type=\"widget\" data-widget_type=\"text-editor.default\">\n\t\t\t\t<div class=\"elementor-widget-container\">\n\t\t\t\t\t\t\t\t\t<p>Se\u00e7ti\u011finiz ara\u00e7 teslim edildikten sonra, 48 saat i\u00e7inde taraf\u0131m\u0131zdan sa\u011flanan a\u00e7\u0131klamaya g\u00f6re kapsaml\u0131 bir inceleme yapma f\u0131rsat\u0131n\u0131z olacakt\u0131r. E\u011fer \u00f6nceden sa\u011flanan detaylar\u0131n \u00f6tesinde en ufak bir fark veya ek bir sorun tespit ederseniz, sat\u0131n al\u0131m\u0131 iptal etme hakk\u0131n\u0131z vard\u0131r. Bu durumda depozitonuz eksiksiz bir \u015fekilde iade edilir \u2013 kesinti veya ek ta\u015f\u0131ma \u00fccreti olmaks\u0131z\u0131n!<\/p><p>E\u011fer kriterlerinize g\u00f6re i\u015fimizi yeterince iyi yapm\u0131\u015fsak, sonraki ad\u0131mlar kay\u0131t, sigorta ve kiralama i\u015flemlerini i\u00e7erir \u2013 hepsi ayn\u0131 g\u00fcn i\u00e7inde tamamlan\u0131r.<\/p>\t\t\t\t\t\t\t\t<\/div>\n\t\t\t\t<\/div>\n\t\t\t\t\t<\/div>\n\t\t<\/div>\n\t\t\t\t<div class=\"elementor-column elementor-col-50 elementor-top-column elementor-element elementor-element-6d1220a\" data-id=\"6d1220a\" data-element_type=\"column\" data-settings=\"{&quot;background_background&quot;:&quot;classic&quot;}\">\n\t\t\t<div class=\"elementor-widget-wrap elementor-element-populated\">\n\t\t\t\t\t\t<div class=\"elementor-element elementor-element-37d9189 elementor-widget elementor-widget-spacer\" data-id=\"37d9189\" data-element_type=\"widget\" data-widget_type=\"spacer.default\">\n\t\t\t\t<div class=\"elementor-widget-container\">\n\t\t\t\t\t\t\t<div class=\"elementor-spacer\">\n\t\t\t<div class=\"elementor-spacer-inner\"><\/div>\n\t\t<\/div>\n\t\t\t\t\t\t<\/div>\n\t\t\t\t<\/div>\n\t\t\t\t\t<\/div>\n\t\t<\/div>\n\t\t\t\t\t<\/div>\n\t\t<\/section>\n\t\t\t\t<section class=\"elementor-section elementor-top-section elementor-element elementor-element-291e02a elementor-section-boxed elementor-section-height-default elementor-section-height-default\" data-id=\"291e02a\" data-element_type=\"section\" data-settings=\"{&quot;background_background&quot;:&quot;classic&quot;}\">\n\t\t\t\t\t\t\t<div class=\"elementor-background-overlay\"><\/div>\n\t\t\t\t\t\t\t<div class=\"elementor-container elementor-column-gap-default\">\n\t\t\t\t\t<div class=\"elementor-column elementor-col-33 elementor-top-column elementor-element elementor-element-efc77d1 elementor-hidden-mobile elementor-hidden-tablet\" data-id=\"efc77d1\" data-element_type=\"column\">\n\t\t\t<div class=\"elementor-widget-wrap\">\n\t\t\t\t\t\t\t<\/div>\n\t\t<\/div>\n\t\t\t\t<div class=\"elementor-column elementor-col-33 elementor-top-column elementor-element elementor-element-97cfd85\" data-id=\"97cfd85\" data-element_type=\"column\">\n\t\t\t<div class=\"elementor-widget-wrap elementor-element-populated\">\n\t\t\t\t\t\t<div class=\"elementor-element elementor-element-ab0cd3f elementor-widget elementor-widget-heading\" data-id=\"ab0cd3f\" data-element_type=\"widget\" data-widget_type=\"heading.default\">\n\t\t\t\t<div class=\"elementor-widget-container\">\n\t\t\t\t\t<h2 class=\"elementor-heading-title elementor-size-default\">Bizimle ileti\u015fime ge\u00e7in<\/h2>\t\t\t\t<\/div>\n\t\t\t\t<\/div>\n\t\t\t\t<div class=\"elementor-element elementor-element-19a2ae4 elementor-widget elementor-widget-text-editor\" data-id=\"19a2ae4\" data-element_type=\"widget\" data-widget_type=\"text-editor.default\">\n\t\t\t\t<div class=\"elementor-widget-container\">\n\t\t\t\t\t\t\t\t\t<p>\u0130lgilenirseniz, size mevcut bir arac\u0131n a\u00e7\u0131klamas\u0131na g\u00f6re \u00f6rnek bir tan\u0131m ve inceleme sunabiliriz, b\u00f6ylece incelemelerimizin ne kadar detayl\u0131 oldu\u011fu hakk\u0131nda daha ger\u00e7ek\u00e7i bir fikir edinebilirsiniz.<\/p>\t\t\t\t\t\t\t\t<\/div>\n\t\t\t\t<\/div>\n\t\t\t\t<div class=\"elementor-element elementor-element-ce83018 elementor-align-center elementor-widget elementor-widget-button\" data-id=\"ce83018\" data-element_type=\"widget\" data-widget_type=\"button.default\">\n\t\t\t\t<div class=\"elementor-widget-container\">\n\t\t\t\t\t\t\t\t\t<div class=\"elementor-button-wrapper\">\n\t\t\t\t\t<a class=\"elementor-button elementor-button-link elementor-size-sm\" href=\"https:\/\/sofauto.bg\/tr\/contacts\/\">\n\t\t\t\t\t\t<span class=\"elementor-button-content-wrapper\">\n\t\t\t\t\t\t\t\t\t<span class=\"elementor-button-text\">\u0130LET\u0130\u015e\u0130M FORMU<\/span>\n\t\t\t\t\t<\/span>\n\t\t\t\t\t<\/a>\n\t\t\t\t<\/div>\n\t\t\t\t\t\t\t\t<\/div>\n\t\t\t\t<\/div>\n\t\t\t\t\t<\/div>\n\t\t<\/div>\n\t\t\t\t<div class=\"elementor-column elementor-col-33 elementor-top-column elementor-element elementor-element-5ee6117 elementor-hidden-mobile elementor-hidden-tablet\" data-id=\"5ee6117\" data-element_type=\"column\">\n\t\t\t<div class=\"elementor-widget-wrap\">\n\t\t\t\t\t\t\t<\/div>\n\t\t<\/div>\n\t\t\t\t\t<\/div>\n\t\t<\/section>\n\t\t\t\t<\/div>\n\t\t","protected":false},"excerpt":{"rendered":"<p>Arad\u0131\u011f\u0131n\u0131z\u0131 bulam\u0131yor musunuz? Sipari\u015f \u00fczerine ara\u00e7 arama talebi olu\u015fturun! Sipari\u015f \u00fczerine ara\u00e7 arama talebi olu\u015fturun! E\u011fer hayalinizdeki arac\u0131 mevcut ara\u00e7lar\u0131m\u0131z veya \u00f6zel sipari\u015f ara\u00e7lar\u0131m\u0131z\u0131n katalo\u011funda bulamazsan\u0131z, belirtti\u011finiz kriterlere g\u00f6re sizin i\u00e7in bulabiliriz. Uzun y\u0131llara dayanan deneyimimiz, ba\u011flant\u0131lar\u0131m\u0131z ve Avrupa ile Asya&#8217;daki \u00e7o\u011fu premium marka bayilikleri ve ortaklarla yapt\u0131\u011f\u0131m\u0131z s\u00f6zle\u015fmeli ili\u015fkiler sayesinde, neredeyse her arac\u0131 bulabilir [&hellip;]<\/p>\n","protected":false},"author":1,"featured_media":0,"parent":0,"menu_order":0,"comment_status":"closed","ping_status":"closed","template":"","meta":{"_acf_changed":false,"footnotes":""},"class_list":["post-8268","page","type-page","status-publish","hentry"],"acf":[],"_links":{"self":[{"href":"https:\/\/sofauto.bg\/tr\/wp-json\/wp\/v2\/pages\/8268","targetHints":{"allow":["GET"]}}],"collection":[{"href":"https:\/\/sofauto.bg\/tr\/wp-json\/wp\/v2\/pages"}],"about":[{"href":"https:\/\/sofauto.bg\/tr\/wp-json\/wp\/v2\/types\/page"}],"author":[{"embeddable":true,"href":"https:\/\/sofauto.bg\/tr\/wp-json\/wp\/v2\/users\/1"}],"replies":[{"embeddable":true,"href":"https:\/\/sofauto.bg\/tr\/wp-json\/wp\/v2\/comments?post=8268"}],"version-history":[{"count":5,"href":"https:\/\/sofauto.bg\/tr\/wp-json\/wp\/v2\/pages\/8268\/revisions"}],"predecessor-version":[{"id":8286,"href":"https:\/\/sofauto.bg\/tr\/wp-json\/wp\/v2\/pages\/8268\/revisions\/8286"}],"wp:attachment":[{"href":"https:\/\/sofauto.bg\/tr\/wp-json\/wp\/v2\/media?parent=8268"}],"curies":[{"name":"wp","href":"https:\/\/api.w.org\/{rel}","templated":true}]}}