{"id":8287,"date":"2024-04-02T09:55:59","date_gmt":"2024-04-02T06:55:59","guid":{"rendered":"https:\/\/sofauto.bg\/%d0%bf%d1%80%d0%be%d0%b4%d0%b0%d0%b9-%d0%b0%d0%b2%d1%82%d0%be%d0%bc%d0%be%d0%b1%d0%b8%d0%bb\/"},"modified":"2025-02-18T16:53:14","modified_gmt":"2025-02-18T13:53:14","slug":"sell-car","status":"publish","type":"page","link":"https:\/\/sofauto.bg\/tr\/sell-car\/","title":{"rendered":"Arabay\u0131 sat"},"content":{"rendered":"\t\t<div data-elementor-type=\"wp-page\" data-elementor-id=\"8287\" class=\"elementor elementor-8287 elementor-137\" data-elementor-post-type=\"page\">\n\t\t\t\t\t\t<section class=\"elementor-section elementor-top-section elementor-element elementor-element-81774b8 elementor-section-height-min-height elementor-section-content-middle elementor-section-boxed elementor-section-height-default elementor-section-items-middle\" data-id=\"81774b8\" data-element_type=\"section\" data-settings=\"{&quot;background_background&quot;:&quot;classic&quot;}\">\n\t\t\t\t\t\t\t<div class=\"elementor-background-overlay\"><\/div>\n\t\t\t\t\t\t\t<div class=\"elementor-container elementor-column-gap-default\">\n\t\t\t\t\t<div class=\"elementor-column elementor-col-100 elementor-top-column elementor-element elementor-element-54841db\" data-id=\"54841db\" data-element_type=\"column\" data-settings=\"{&quot;background_background&quot;:&quot;classic&quot;}\">\n\t\t\t<div class=\"elementor-widget-wrap elementor-element-populated\">\n\t\t\t\t\t\t<div class=\"elementor-element elementor-element-6ab6797 elementor-widget elementor-widget-heading\" data-id=\"6ab6797\" data-element_type=\"widget\" data-widget_type=\"heading.default\">\n\t\t\t\t<div class=\"elementor-widget-container\">\n\t\t\t\t\t<h2 class=\"elementor-heading-title elementor-size-default\">Arac\u0131n\u0131z\u0131 sat\u0131n alma <\/h2>\t\t\t\t<\/div>\n\t\t\t\t<\/div>\n\t\t\t\t\t<\/div>\n\t\t<\/div>\n\t\t\t\t\t<\/div>\n\t\t<\/section>\n\t\t\t\t<section class=\"elementor-section elementor-top-section elementor-element elementor-element-6e7254e elementor-section-boxed elementor-section-height-default elementor-section-height-default\" data-id=\"6e7254e\" data-element_type=\"section\" data-settings=\"{&quot;background_background&quot;:&quot;gradient&quot;}\">\n\t\t\t\t\t\t<div class=\"elementor-container elementor-column-gap-default\">\n\t\t\t\t\t<div class=\"elementor-column elementor-col-33 elementor-top-column elementor-element elementor-element-655116a elementor-hidden-mobile elementor-hidden-tablet\" data-id=\"655116a\" data-element_type=\"column\">\n\t\t\t<div class=\"elementor-widget-wrap\">\n\t\t\t\t\t\t\t<\/div>\n\t\t<\/div>\n\t\t\t\t<div class=\"elementor-column elementor-col-33 elementor-top-column elementor-element elementor-element-33fcb0f\" data-id=\"33fcb0f\" data-element_type=\"column\">\n\t\t\t<div class=\"elementor-widget-wrap elementor-element-populated\">\n\t\t\t\t\t\t<div class=\"elementor-element elementor-element-a83e811 elementor-widget elementor-widget-text-editor\" data-id=\"a83e811\" data-element_type=\"widget\" data-widget_type=\"text-editor.default\">\n\t\t\t\t<div class=\"elementor-widget-container\">\n\t\t\t\t\t\t\t\t\t<p>Arac\u0131n\u0131z\u0131 kendiniz satmak, g\u00f6r\u00fc\u015fmelerle, takaslarla ve taksitli\/finansal \u00f6deme s\u00fcre\u00e7leriyle u\u011fra\u015fmak yerine, do\u011frudan bize satabilirsiniz.<\/p><p>Arac\u0131n\u0131z i\u00e7in iki a\u015famadan olu\u015fan bir de\u011ferlendirme yapmam\u0131z gerekmektedir: piyasa analizi ve teknik de\u011ferlendirme.<\/p>\t\t\t\t\t\t\t\t<\/div>\n\t\t\t\t<\/div>\n\t\t\t\t\t<\/div>\n\t\t<\/div>\n\t\t\t\t<div class=\"elementor-column elementor-col-33 elementor-top-column elementor-element elementor-element-af28b30 elementor-hidden-mobile elementor-hidden-tablet\" data-id=\"af28b30\" data-element_type=\"column\">\n\t\t\t<div class=\"elementor-widget-wrap\">\n\t\t\t\t\t\t\t<\/div>\n\t\t<\/div>\n\t\t\t\t\t<\/div>\n\t\t<\/section>\n\t\t\t\t<section class=\"elementor-section elementor-top-section elementor-element elementor-element-9703d77 elementor-section-boxed elementor-section-height-default elementor-section-height-default\" data-id=\"9703d77\" data-element_type=\"section\" data-settings=\"{&quot;background_background&quot;:&quot;classic&quot;}\">\n\t\t\t\t\t\t<div class=\"elementor-container elementor-column-gap-default\">\n\t\t\t\t\t<div class=\"elementor-column elementor-col-50 elementor-top-column elementor-element elementor-element-7393836 hoverbox\" data-id=\"7393836\" data-element_type=\"column\" data-settings=\"{&quot;background_background&quot;:&quot;classic&quot;}\">\n\t\t\t<div class=\"elementor-widget-wrap elementor-element-populated\">\n\t\t\t\t\t\t<div class=\"elementor-element elementor-element-43c3d1c elementor-widget elementor-widget-heading\" data-id=\"43c3d1c\" data-element_type=\"widget\" data-widget_type=\"heading.default\">\n\t\t\t\t<div class=\"elementor-widget-container\">\n\t\t\t\t\t<h2 class=\"elementor-heading-title elementor-size-default\">01<\/h2>\t\t\t\t<\/div>\n\t\t\t\t<\/div>\n\t\t\t\t<div class=\"elementor-element elementor-element-db4a5ef textwhite elementor-widget elementor-widget-text-editor\" data-id=\"db4a5ef\" data-element_type=\"widget\" data-widget_type=\"text-editor.default\">\n\t\t\t\t<div class=\"elementor-widget-container\">\n\t\t\t\t\t\t\t\t\t<p>\u0130lk a\u015fama \u2013 piyasa analizi \u2013 uzaktan yap\u0131labilir.<br \/>Bize sadece arac\u0131n\u0131z\u0131 satmak istedi\u011finizi belirtmek i\u00e7in bir telefon a\u00e7arak ara\u00e7 hakk\u0131nda temel bilgileri payla\u015fman\u0131z yeterlidir. Biz de size bir de\u011fer aral\u0131\u011f\u0131 sunar\u0131z ve bu de\u011fer, yerinde yap\u0131lacak teknik incelemenin ard\u0131ndan kesinle\u015fir.<\/p>\t\t\t\t\t\t\t\t<\/div>\n\t\t\t\t<\/div>\n\t\t\t\t<div class=\"elementor-element elementor-element-2eab6a1 elementor-widget elementor-widget-html\" data-id=\"2eab6a1\" data-element_type=\"widget\" data-widget_type=\"html.default\">\n\t\t\t\t<div class=\"elementor-widget-container\">\n\t\t\t\t\t<script>\/\/ document.addEventListener(\"DOMContentLoaded\", function() {\n\/\/   document.getElementById(\"hoverbox1\").addEventListener(\"click\", function() {\n\/\/     window.location.href = \"#\"; \n\/\/   });\n  \n\/\/   document.getElementById(\"hoverbox2\").addEventListener(\"click\", function() {\n\/\/     window.location.href = \"\/buy-car\/\"; \n\/\/   });\n\n\/\/   document.getElementById(\"hoverbox3\").addEventListener(\"click\", function() {\n\/\/     window.location.href = \"\/sell-car\/\";\n\/\/   });\n\n\/\/   var hoverboxColumns = document.querySelectorAll(\".hoverbox-column\");\n\/\/   hoverboxColumns.forEach(function(column) {\n\/\/     column.style.cursor = \"pointer\";\n\/\/   });\n\/\/ });\n\n<\/script><style>.hoverbox:hover h2 {\n    color: white!important; \n    cursor: default;\n  }\n  \n .hoverbox:hover .textwhite {\n  color: white!important;\n   cursor: default;\n}\n\n<\/style>\t\t\t\t<\/div>\n\t\t\t\t<\/div>\n\t\t\t\t\t<\/div>\n\t\t<\/div>\n\t\t\t\t<div class=\"elementor-column elementor-col-50 elementor-top-column elementor-element elementor-element-482ab95 hoverbox\" data-id=\"482ab95\" data-element_type=\"column\" data-settings=\"{&quot;background_background&quot;:&quot;classic&quot;}\">\n\t\t\t<div class=\"elementor-widget-wrap elementor-element-populated\">\n\t\t\t\t\t\t<div class=\"elementor-element elementor-element-219b0eb elementor-widget elementor-widget-heading\" data-id=\"219b0eb\" data-element_type=\"widget\" data-widget_type=\"heading.default\">\n\t\t\t\t<div class=\"elementor-widget-container\">\n\t\t\t\t\t<h2 class=\"elementor-heading-title elementor-size-default\">02<\/h2>\t\t\t\t<\/div>\n\t\t\t\t<\/div>\n\t\t\t\t<div class=\"elementor-element elementor-element-27f3a69 textwhite elementor-widget elementor-widget-text-editor\" data-id=\"27f3a69\" data-element_type=\"widget\" data-widget_type=\"text-editor.default\">\n\t\t\t\t<div class=\"elementor-widget-container\">\n\t\t\t\t\t\t\t\t\t<p>\u0130kinci A\u015fama \u2013 De\u011ferlendirmeyi tamamlamak i\u00e7in arac\u0131n\u0131z\u0131, sizin de kat\u0131l\u0131m\u0131n\u0131zla, Sofya\u2019daki ofisimizde incelememiz gerekmektedir. Teklif edilen fiyat sizi memnun ederse, i\u015flemlere ge\u00e7iyoruz.<\/p>\t\t\t\t\t\t\t\t<\/div>\n\t\t\t\t<\/div>\n\t\t\t\t\t<\/div>\n\t\t<\/div>\n\t\t\t\t\t<\/div>\n\t\t<\/section>\n\t\t\t\t<section class=\"elementor-section elementor-top-section elementor-element elementor-element-0af1913 elementor-section-boxed elementor-section-height-default elementor-section-height-default\" data-id=\"0af1913\" data-element_type=\"section\" data-settings=\"{&quot;background_background&quot;:&quot;classic&quot;}\">\n\t\t\t\t\t\t<div class=\"elementor-container elementor-column-gap-default\">\n\t\t\t\t\t<div class=\"elementor-column elementor-col-100 elementor-top-column elementor-element elementor-element-b97765a\" data-id=\"b97765a\" data-element_type=\"column\">\n\t\t\t<div class=\"elementor-widget-wrap elementor-element-populated\">\n\t\t\t\t\t\t<section class=\"elementor-section elementor-inner-section elementor-element elementor-element-e49292a elementor-section-boxed elementor-section-height-default elementor-section-height-default\" data-id=\"e49292a\" data-element_type=\"section\">\n\t\t\t\t\t\t<div class=\"elementor-container elementor-column-gap-default\">\n\t\t\t\t\t<div class=\"elementor-column elementor-col-33 elementor-inner-column elementor-element elementor-element-24121cf elementor-hidden-tablet elementor-hidden-mobile\" data-id=\"24121cf\" data-element_type=\"column\">\n\t\t\t<div class=\"elementor-widget-wrap\">\n\t\t\t\t\t\t\t<\/div>\n\t\t<\/div>\n\t\t\t\t<div class=\"elementor-column elementor-col-33 elementor-inner-column elementor-element elementor-element-e2d2924\" data-id=\"e2d2924\" data-element_type=\"column\">\n\t\t\t<div class=\"elementor-widget-wrap elementor-element-populated\">\n\t\t\t\t\t\t<div class=\"elementor-element elementor-element-56853d2 elementor-widget elementor-widget-heading\" data-id=\"56853d2\" data-element_type=\"widget\" data-widget_type=\"heading.default\">\n\t\t\t\t<div class=\"elementor-widget-container\">\n\t\t\t\t\t<h2 class=\"elementor-heading-title elementor-size-default\">E\u011fer anla\u015fmaya var\u0131rsak, arac\u0131n sat\u0131n al\u0131m\u0131yla ilgili b\u00fct\u00fcn i\u015flemleri uzmanlar\u0131m\u0131z halledecektir.<\/h2>\t\t\t\t<\/div>\n\t\t\t\t<\/div>\n\t\t\t\t<div class=\"elementor-element elementor-element-8d953a0 elementor-icon-list--layout-traditional elementor-list-item-link-full_width elementor-widget elementor-widget-icon-list\" data-id=\"8d953a0\" data-element_type=\"widget\" data-widget_type=\"icon-list.default\">\n\t\t\t\t<div class=\"elementor-widget-container\">\n\t\t\t\t\t\t\t<ul class=\"elementor-icon-list-items\">\n\t\t\t\t\t\t\t<li class=\"elementor-icon-list-item\">\n\t\t\t\t\t\t\t\t\t\t\t<span class=\"elementor-icon-list-icon\">\n\t\t\t\t\t\t\t<svg xmlns=\"http:\/\/www.w3.org\/2000\/svg\" width=\"35\" height=\"35\" viewBox=\"0 0 35 35\" fill=\"none\"><path d=\"M19.2093 17.5L11.9906 10.2812L14.0527 8.21916L23.3335 17.5L14.0527 26.7808L11.9906 24.7187L19.2093 17.5Z\" fill=\"white\"><\/path><\/svg>\t\t\t\t\t\t<\/span>\n\t\t\t\t\t\t\t\t\t\t<span class=\"elementor-icon-list-text\"><b>Noter tasdiki ile i\u015flem \u2013<\/b> B\u00fct\u00fcn i\u015flemler zaman\u0131n\u0131z\u0131 korumak i\u00e7in noter e\u015fli\u011finde ofisimizde yap\u0131l\u0131r.<\/span>\n\t\t\t\t\t\t\t\t\t<\/li>\n\t\t\t\t\t\t\t\t<li class=\"elementor-icon-list-item\">\n\t\t\t\t\t\t\t\t\t\t\t<span class=\"elementor-icon-list-icon\">\n\t\t\t\t\t\t\t<svg xmlns=\"http:\/\/www.w3.org\/2000\/svg\" width=\"35\" height=\"35\" viewBox=\"0 0 35 35\" fill=\"none\"><path d=\"M19.2093 17.5L11.9906 10.2812L14.0527 8.21916L23.3335 17.5L14.0527 26.7808L11.9906 24.7187L19.2093 17.5Z\" fill=\"white\"><\/path><\/svg>\t\t\t\t\t\t<\/span>\n\t\t\t\t\t\t\t\t\t\t<span class=\"elementor-icon-list-text\">Sigorta de\u011ferlendirmesi.<\/span>\n\t\t\t\t\t\t\t\t\t<\/li>\n\t\t\t\t\t\t\t\t<li class=\"elementor-icon-list-item\">\n\t\t\t\t\t\t\t\t\t\t\t<span class=\"elementor-icon-list-icon\">\n\t\t\t\t\t\t\t<svg xmlns=\"http:\/\/www.w3.org\/2000\/svg\" width=\"35\" height=\"35\" viewBox=\"0 0 35 35\" fill=\"none\"><path d=\"M19.2093 17.5L11.9906 10.2812L14.0527 8.21916L23.3335 17.5L14.0527 26.7808L11.9906 24.7187L19.2093 17.5Z\" fill=\"white\"><\/path><\/svg>\t\t\t\t\t\t<\/span>\n\t\t\t\t\t\t\t\t\t\t<span class=\"elementor-icon-list-text\">Al\u0131m-sat\u0131m s\u00f6zle\u015fmesi.<\/span>\n\t\t\t\t\t\t\t\t\t<\/li>\n\t\t\t\t\t\t\t\t<li class=\"elementor-icon-list-item\">\n\t\t\t\t\t\t\t\t\t\t\t<span class=\"elementor-icon-list-icon\">\n\t\t\t\t\t\t\t<svg xmlns=\"http:\/\/www.w3.org\/2000\/svg\" width=\"35\" height=\"35\" viewBox=\"0 0 35 35\" fill=\"none\"><path d=\"M19.2093 17.5L11.9906 10.2812L14.0527 8.21916L23.3335 17.5L14.0527 26.7808L11.9906 24.7187L19.2093 17.5Z\" fill=\"white\"><\/path><\/svg>\t\t\t\t\t\t<\/span>\n\t\t\t\t\t\t\t\t\t\t<span class=\"elementor-icon-list-text\">H\u0131zl\u0131 \u00d6deme \u2013 Anla\u015f\u0131lan tutar\u0131 ayn\u0131 g\u00fcn i\u00e7inde al\u0131rs\u0131n\u0131z.<\/span>\n\t\t\t\t\t\t\t\t\t<\/li>\n\t\t\t\t\t\t<\/ul>\n\t\t\t\t\t\t<\/div>\n\t\t\t\t<\/div>\n\t\t\t\t\t<\/div>\n\t\t<\/div>\n\t\t\t\t<div class=\"elementor-column elementor-col-33 elementor-inner-column elementor-element elementor-element-473ddfb elementor-hidden-tablet elementor-hidden-mobile\" data-id=\"473ddfb\" data-element_type=\"column\">\n\t\t\t<div class=\"elementor-widget-wrap\">\n\t\t\t\t\t\t\t<\/div>\n\t\t<\/div>\n\t\t\t\t\t<\/div>\n\t\t<\/section>\n\t\t\t\t\t<\/div>\n\t\t<\/div>\n\t\t\t\t\t<\/div>\n\t\t<\/section>\n\t\t\t\t<section class=\"elementor-section elementor-top-section elementor-element elementor-element-37be807 elementor-section-height-min-height elementor-section-boxed elementor-section-height-default elementor-section-items-middle\" data-id=\"37be807\" data-element_type=\"section\" data-settings=\"{&quot;background_background&quot;:&quot;classic&quot;}\">\n\t\t\t\t\t\t\t<div class=\"elementor-background-overlay\"><\/div>\n\t\t\t\t\t\t\t<div class=\"elementor-container elementor-column-gap-default\">\n\t\t\t\t\t<div class=\"elementor-column elementor-col-33 elementor-top-column elementor-element elementor-element-d9da86e elementor-hidden-mobile elementor-hidden-tablet\" data-id=\"d9da86e\" data-element_type=\"column\">\n\t\t\t<div class=\"elementor-widget-wrap\">\n\t\t\t\t\t\t\t<\/div>\n\t\t<\/div>\n\t\t\t\t<div class=\"elementor-column elementor-col-33 elementor-top-column elementor-element elementor-element-48648b4\" data-id=\"48648b4\" data-element_type=\"column\">\n\t\t\t<div class=\"elementor-widget-wrap elementor-element-populated\">\n\t\t\t\t\t\t<div class=\"elementor-element elementor-element-7b82369 elementor-widget elementor-widget-heading\" data-id=\"7b82369\" data-element_type=\"widget\" data-widget_type=\"heading.default\">\n\t\t\t\t<div class=\"elementor-widget-container\">\n\t\t\t\t\t<h2 class=\"elementor-heading-title elementor-size-default\">Arac\u0131n\u0131z\u0131 satal\u0131m!<\/h2>\t\t\t\t<\/div>\n\t\t\t\t<\/div>\n\t\t\t\t<section class=\"elementor-section elementor-inner-section elementor-element elementor-element-039c0d2 elementor-section-boxed elementor-section-height-default elementor-section-height-default\" data-id=\"039c0d2\" data-element_type=\"section\">\n\t\t\t\t\t\t<div class=\"elementor-container elementor-column-gap-default\">\n\t\t\t\t\t<div class=\"elementor-column elementor-col-50 elementor-inner-column elementor-element elementor-element-da4edbb\" data-id=\"da4edbb\" data-element_type=\"column\">\n\t\t\t<div class=\"elementor-widget-wrap elementor-element-populated\">\n\t\t\t\t\t\t<div class=\"elementor-element elementor-element-4434f46 elementor-align-right elementor-mobile-align-left elementor-widget elementor-widget-button\" data-id=\"4434f46\" data-element_type=\"widget\" data-widget_type=\"button.default\">\n\t\t\t\t<div class=\"elementor-widget-container\">\n\t\t\t\t\t\t\t\t\t<div class=\"elementor-button-wrapper\">\n\t\t\t\t\t<a class=\"elementor-button elementor-button-link elementor-size-sm\" href=\"tel:+359887555997%20\">\n\t\t\t\t\t\t<span class=\"elementor-button-content-wrapper\">\n\t\t\t\t\t\t\t\t\t<span class=\"elementor-button-text\">+359 887 555 997  <\/span>\n\t\t\t\t\t<\/span>\n\t\t\t\t\t<\/a>\n\t\t\t\t<\/div>\n\t\t\t\t\t\t\t\t<\/div>\n\t\t\t\t<\/div>\n\t\t\t\t\t<\/div>\n\t\t<\/div>\n\t\t\t\t<div class=\"elementor-column elementor-col-50 elementor-inner-column elementor-element elementor-element-c60cc48\" data-id=\"c60cc48\" data-element_type=\"column\">\n\t\t\t<div class=\"elementor-widget-wrap elementor-element-populated\">\n\t\t\t\t\t\t<div class=\"elementor-element elementor-element-a51ca53 elementor-align-left elementor-mobile-align-right elementor-widget elementor-widget-button\" data-id=\"a51ca53\" data-element_type=\"widget\" data-widget_type=\"button.default\">\n\t\t\t\t<div class=\"elementor-widget-container\">\n\t\t\t\t\t\t\t\t\t<div class=\"elementor-button-wrapper\">\n\t\t\t\t\t<a class=\"elementor-button elementor-button-link elementor-size-sm\" href=\"tel:+35929621310\">\n\t\t\t\t\t\t<span class=\"elementor-button-content-wrapper\">\n\t\t\t\t\t\t\t\t\t<span class=\"elementor-button-text\">+359 2 962 1310<\/span>\n\t\t\t\t\t<\/span>\n\t\t\t\t\t<\/a>\n\t\t\t\t<\/div>\n\t\t\t\t\t\t\t\t<\/div>\n\t\t\t\t<\/div>\n\t\t\t\t\t<\/div>\n\t\t<\/div>\n\t\t\t\t\t<\/div>\n\t\t<\/section>\n\t\t\t\t\t<\/div>\n\t\t<\/div>\n\t\t\t\t<div class=\"elementor-column elementor-col-33 elementor-top-column elementor-element elementor-element-c2ff766 elementor-hidden-mobile elementor-hidden-tablet\" data-id=\"c2ff766\" data-element_type=\"column\">\n\t\t\t<div class=\"elementor-widget-wrap\">\n\t\t\t\t\t\t\t<\/div>\n\t\t<\/div>\n\t\t\t\t\t<\/div>\n\t\t<\/section>\n\t\t\t\t<\/div>\n\t\t","protected":false},"excerpt":{"rendered":"<p>Arac\u0131n\u0131z\u0131 sat\u0131n alma Arac\u0131n\u0131z\u0131 kendiniz satmak, g\u00f6r\u00fc\u015fmelerle, takaslarla ve taksitli\/finansal \u00f6deme s\u00fcre\u00e7leriyle u\u011fra\u015fmak yerine, do\u011frudan bize satabilirsiniz. Arac\u0131n\u0131z i\u00e7in iki a\u015famadan olu\u015fan bir de\u011ferlendirme yapmam\u0131z gerekmektedir: piyasa analizi ve teknik de\u011ferlendirme. 01 \u0130lk a\u015fama \u2013 piyasa analizi \u2013 uzaktan yap\u0131labilir.Bize sadece arac\u0131n\u0131z\u0131 satmak istedi\u011finizi belirtmek i\u00e7in bir telefon a\u00e7arak ara\u00e7 hakk\u0131nda temel bilgileri payla\u015fman\u0131z yeterlidir. [&hellip;]<\/p>\n","protected":false},"author":1,"featured_media":0,"parent":0,"menu_order":0,"comment_status":"closed","ping_status":"closed","template":"","meta":{"_acf_changed":false,"footnotes":""},"class_list":["post-8287","page","type-page","status-publish","hentry"],"acf":[],"_links":{"self":[{"href":"https:\/\/sofauto.bg\/tr\/wp-json\/wp\/v2\/pages\/8287","targetHints":{"allow":["GET"]}}],"collection":[{"href":"https:\/\/sofauto.bg\/tr\/wp-json\/wp\/v2\/pages"}],"about":[{"href":"https:\/\/sofauto.bg\/tr\/wp-json\/wp\/v2\/types\/page"}],"author":[{"embeddable":true,"href":"https:\/\/sofauto.bg\/tr\/wp-json\/wp\/v2\/users\/1"}],"replies":[{"embeddable":true,"href":"https:\/\/sofauto.bg\/tr\/wp-json\/wp\/v2\/comments?post=8287"}],"version-history":[{"count":10,"href":"https:\/\/sofauto.bg\/tr\/wp-json\/wp\/v2\/pages\/8287\/revisions"}],"predecessor-version":[{"id":9993,"href":"https:\/\/sofauto.bg\/tr\/wp-json\/wp\/v2\/pages\/8287\/revisions\/9993"}],"wp:attachment":[{"href":"https:\/\/sofauto.bg\/tr\/wp-json\/wp\/v2\/media?parent=8287"}],"curies":[{"name":"wp","href":"https:\/\/api.w.org\/{rel}","templated":true}]}}